{"id":4547,"date":"2024-09-27T21:44:50","date_gmt":"2024-09-27T21:44:50","guid":{"rendered":"https:\/\/ozeanic-caribbean.de\/?page_id=4547"},"modified":"2025-06-18T17:56:38","modified_gmt":"2025-06-18T17:56:38","slug":"exklusive-ausfluege","status":"publish","type":"page","link":"https:\/\/ozeanic-caribbean.de\/en\/exklusive-ausfluege\/","title":{"rendered":"Exklusive Ausfl\u00fcge"},"content":{"rendered":"<div data-elementor-type=\"wp-page\" data-elementor-id=\"4547\" class=\"elementor elementor-4547\">\n\t\t\t\t<div class=\"elementor-element elementor-element-9f422c8 e-flex e-con-boxed parallax_section_no qode_elementor_container_no e-con e-parent\" data-id=\"9f422c8\" data-element_type=\"container\" data-e-type=\"container\">\n\t\t\t\t\t<div class=\"e-con-inner\">\n\t\t\t\t<div class=\"elementor-element elementor-element-7c611dc elementor-widget elementor-widget-heading\" data-id=\"7c611dc\" data-element_type=\"widget\" data-e-type=\"widget\" data-widget_type=\"heading.default\">\n\t\t\t\t<div class=\"elementor-widget-container\">\n\t\t\t\t\t<h2 class=\"elementor-heading-title elementor-size-default\">Warum unsere exklusiven Ausfl\u00fcge?<\/h2>\t\t\t\t<\/div>\n\t\t\t\t<\/div>\n\t\t\t\t\t<\/div>\n\t\t\t\t<\/div>\n\t\t<div class=\"elementor-element elementor-element-9f76090 e-flex e-con-boxed parallax_section_no qode_elementor_container_no e-con e-parent\" data-id=\"9f76090\" data-element_type=\"container\" data-e-type=\"container\">\n\t\t\t\t\t<div class=\"e-con-inner\">\n\t\t<div class=\"elementor-element elementor-element-866a7d9 e-con-full e-flex parallax_section_no qode_elementor_container_no e-con e-child\" data-id=\"866a7d9\" data-element_type=\"container\" data-e-type=\"container\">\n\t\t\t\t<div class=\"elementor-element elementor-element-27f0eb7 elementor-view-default elementor-widget elementor-widget-icon\" data-id=\"27f0eb7\" data-element_type=\"widget\" data-e-type=\"widget\" data-widget_type=\"icon.default\">\n\t\t\t\t<div class=\"elementor-widget-container\">\n\t\t\t\t\t\t\t<div class=\"elementor-icon-wrapper\">\n\t\t\t<div class=\"elementor-icon\">\n\t\t\t<i aria-hidden=\"true\" class=\"fas fa-wine-glass\"><\/i>\t\t\t<\/div>\n\t\t<\/div>\n\t\t\t\t\t\t<\/div>\n\t\t\t\t<\/div>\n\t\t\t\t<div class=\"elementor-element elementor-element-e200291 elementor-widget elementor-widget-heading\" data-id=\"e200291\" data-element_type=\"widget\" data-e-type=\"widget\" data-widget_type=\"heading.default\">\n\t\t\t\t<div class=\"elementor-widget-container\">\n\t\t\t\t\t<h4 class=\"elementor-heading-title elementor-size-default\">Luxus und Komfort<\/h4>\t\t\t\t<\/div>\n\t\t\t\t<\/div>\n\t\t\t\t<div class=\"elementor-element elementor-element-d663f73 elementor-widget elementor-widget-text-editor\" data-id=\"d663f73\" data-element_type=\"widget\" data-e-type=\"widget\" data-widget_type=\"text-editor.default\">\n\t\t\t\t<div class=\"elementor-widget-container\">\n\t\t\t\t\t\t\t\t\t<p>Genie\u00dfen Sie das Meer und die Sonne an Bord unserer Boote mit mehr Komfort, ausgestattet mit allen Annehmlichkeiten, die Ihnen maximalen Genuss bieten.<\/p>\t\t\t\t\t\t\t\t<\/div>\n\t\t\t\t<\/div>\n\t\t\t\t<\/div>\n\t\t<div class=\"elementor-element elementor-element-88125e4 e-con-full e-flex parallax_section_no qode_elementor_container_no e-con e-child\" data-id=\"88125e4\" data-element_type=\"container\" data-e-type=\"container\">\n\t\t\t\t<div class=\"elementor-element elementor-element-2b84526 elementor-view-default elementor-widget elementor-widget-icon\" data-id=\"2b84526\" data-element_type=\"widget\" data-e-type=\"widget\" data-widget_type=\"icon.default\">\n\t\t\t\t<div class=\"elementor-widget-container\">\n\t\t\t\t\t\t\t<div class=\"elementor-icon-wrapper\">\n\t\t\t<div class=\"elementor-icon\">\n\t\t\t<i aria-hidden=\"true\" class=\"fas fa-shield-alt\"><\/i>\t\t\t<\/div>\n\t\t<\/div>\n\t\t\t\t\t\t<\/div>\n\t\t\t\t<\/div>\n\t\t\t\t<div class=\"elementor-element elementor-element-f53540a elementor-widget elementor-widget-heading\" data-id=\"f53540a\" data-element_type=\"widget\" data-e-type=\"widget\" data-widget_type=\"heading.default\">\n\t\t\t\t<div class=\"elementor-widget-container\">\n\t\t\t\t\t<h4 class=\"elementor-heading-title elementor-size-default\">Privatsph\u00e4re und Exklusivit\u00e4t<\/h4>\t\t\t\t<\/div>\n\t\t\t\t<\/div>\n\t\t\t\t<div class=\"elementor-element elementor-element-7758f95 elementor-widget elementor-widget-text-editor\" data-id=\"7758f95\" data-element_type=\"widget\" data-e-type=\"widget\" data-widget_type=\"text-editor.default\">\n\t\t\t\t<div class=\"elementor-widget-container\">\n\t\t\t\t\t\t\t\t\t<p>Diese Ausfl\u00fcge sind ideal f\u00fcr Paare, Familien oder kleine Gruppen, die ihre Zeit in der Karibik ganz privat und fernab vom Massentourismus genie\u00dfen m\u00f6chten.<\/p>\t\t\t\t\t\t\t\t<\/div>\n\t\t\t\t<\/div>\n\t\t\t\t<\/div>\n\t\t<div class=\"elementor-element elementor-element-8786628 e-con-full e-flex parallax_section_no qode_elementor_container_no e-con e-child\" data-id=\"8786628\" data-element_type=\"container\" data-e-type=\"container\">\n\t\t\t\t<div class=\"elementor-element elementor-element-8557502 elementor-view-default elementor-widget elementor-widget-icon\" data-id=\"8557502\" data-element_type=\"widget\" data-e-type=\"widget\" data-widget_type=\"icon.default\">\n\t\t\t\t<div class=\"elementor-widget-container\">\n\t\t\t\t\t\t\t<div class=\"elementor-icon-wrapper\">\n\t\t\t<div class=\"elementor-icon\">\n\t\t\t<i aria-hidden=\"true\" class=\"fas fa-ship\"><\/i>\t\t\t<\/div>\n\t\t<\/div>\n\t\t\t\t\t\t<\/div>\n\t\t\t\t<\/div>\n\t\t\t\t<div class=\"elementor-element elementor-element-e658adc elementor-widget elementor-widget-heading\" data-id=\"e658adc\" data-element_type=\"widget\" data-e-type=\"widget\" data-widget_type=\"heading.default\">\n\t\t\t\t<div class=\"elementor-widget-container\">\n\t\t\t\t\t<h4 class=\"elementor-heading-title elementor-size-default\">Individuelle Erlebnisse<\/h4>\t\t\t\t<\/div>\n\t\t\t\t<\/div>\n\t\t\t\t<div class=\"elementor-element elementor-element-8b8c844 elementor-widget elementor-widget-text-editor\" data-id=\"8b8c844\" data-element_type=\"widget\" data-e-type=\"widget\" data-widget_type=\"text-editor.default\">\n\t\t\t\t<div class=\"elementor-widget-container\">\n\t\t\t\t\t\t\t\t\t<p>Jeder Ausflug wird nach Ihren W\u00fcnschen gestaltet. Entdecken Sie geheime Buchten, traumhafte Str\u00e4nde oder tauchen Sie in die faszinierende Unterwasserwelt ein \u2013 ganz nach Ihren Vorstellungen.<\/p>\t\t\t\t\t\t\t\t<\/div>\n\t\t\t\t<\/div>\n\t\t\t\t<\/div>\n\t\t\t\t\t<\/div>\n\t\t\t\t<\/div>\n\t\t<div class=\"elementor-element elementor-element-cb27671 e-flex e-con-boxed parallax_section_no qode_elementor_container_no e-con e-parent\" data-id=\"cb27671\" data-element_type=\"container\" data-e-type=\"container\">\n\t\t\t\t\t<div class=\"e-con-inner\">\n\t\t\t\t<div class=\"elementor-element elementor-element-66b037c elementor-widget elementor-widget-heading\" data-id=\"66b037c\" data-element_type=\"widget\" data-e-type=\"widget\" data-widget_type=\"heading.default\">\n\t\t\t\t<div class=\"elementor-widget-container\">\n\t\t\t\t\t<h2 class=\"elementor-heading-title elementor-size-default\">Unsere exklusiven Touren umfassen<\/h2>\t\t\t\t<\/div>\n\t\t\t\t<\/div>\n\t\t\t\t\t<\/div>\n\t\t\t\t<\/div>\n\t\t<div class=\"elementor-element elementor-element-3bd68aa e-flex e-con-boxed parallax_section_no qode_elementor_container_no e-con e-parent\" data-id=\"3bd68aa\" data-element_type=\"container\" data-e-type=\"container\" data-settings=\"{&quot;background_background&quot;:&quot;classic&quot;}\">\n\t\t\t\t\t<div class=\"e-con-inner\">\n\t\t\t\t<div class=\"elementor-element elementor-element-c9fdadb elementor-widget elementor-widget-heading\" data-id=\"c9fdadb\" data-element_type=\"widget\" data-e-type=\"widget\" data-widget_type=\"heading.default\">\n\t\t\t\t<div class=\"elementor-widget-container\">\n\t\t\t\t\t<h3 class=\"elementor-heading-title elementor-size-default\">Private Str\u00e4ndetouren<\/h3>\t\t\t\t<\/div>\n\t\t\t\t<\/div>\n\t\t\t\t<div class=\"elementor-element elementor-element-f2d4763 elementor-widget elementor-widget-text-editor\" data-id=\"f2d4763\" data-element_type=\"widget\" data-e-type=\"widget\" data-widget_type=\"text-editor.default\">\n\t\t\t\t<div class=\"elementor-widget-container\">\n\t\t\t\t\t\t\t\t\t<p><span style=\"color: #ffffff;\"> Lassen Sie sich zu den sch\u00f6nsten und unber\u00fchrtesten Str\u00e4nden der Region entf\u00fchren und genie\u00dfen Sie diese in exklusiver und Luxuri\u00f6ser Atmosph\u00e4re.<\/span><\/p>\t\t\t\t\t\t\t\t<\/div>\n\t\t\t\t<\/div>\n\t\t\t\t\t<\/div>\n\t\t\t\t<\/div>\n\t\t<div class=\"elementor-element elementor-element-aa72fc9 e-flex e-con-boxed parallax_section_no qode_elementor_container_no e-con e-parent\" data-id=\"aa72fc9\" data-element_type=\"container\" data-e-type=\"container\">\n\t\t\t\t\t<div class=\"e-con-inner\">\n\t\t<div class=\"elementor-element elementor-element-1d16b86 e-con-full e-flex parallax_section_no qode_elementor_container_no e-con e-child\" data-id=\"1d16b86\" data-element_type=\"container\" data-e-type=\"container\">\n\t\t\t\t<div class=\"elementor-element elementor-element-3009bfa elementor-widget elementor-widget-image\" data-id=\"3009bfa\" data-element_type=\"widget\" data-e-type=\"widget\" data-widget_type=\"image.default\">\n\t\t\t\t<div class=\"elementor-widget-container\">\n\t\t\t\t\t\t\t\t\t\t\t\t\t\t\t<img fetchpriority=\"high\" decoding=\"async\" width=\"768\" height=\"1024\" src=\"https:\/\/ozeanic-caribbean.de\/wp-content\/uploads\/2025\/06\/WhatsApp-Image-2025-06-10-at-3.18.37-AM-768x1024.jpeg\" class=\"attachment-large size-large wp-image-4681\" alt=\"\" srcset=\"https:\/\/ozeanic-caribbean.de\/wp-content\/uploads\/2025\/06\/WhatsApp-Image-2025-06-10-at-3.18.37-AM-768x1024.jpeg 768w, https:\/\/ozeanic-caribbean.de\/wp-content\/uploads\/2025\/06\/WhatsApp-Image-2025-06-10-at-3.18.37-AM-225x300.jpeg 225w, https:\/\/ozeanic-caribbean.de\/wp-content\/uploads\/2025\/06\/WhatsApp-Image-2025-06-10-at-3.18.37-AM-9x12.jpeg 9w, https:\/\/ozeanic-caribbean.de\/wp-content\/uploads\/2025\/06\/WhatsApp-Image-2025-06-10-at-3.18.37-AM-600x800.jpeg 600w, https:\/\/ozeanic-caribbean.de\/wp-content\/uploads\/2025\/06\/WhatsApp-Image-2025-06-10-at-3.18.37-AM-700x933.jpeg 700w, https:\/\/ozeanic-caribbean.de\/wp-content\/uploads\/2025\/06\/WhatsApp-Image-2025-06-10-at-3.18.37-AM.jpeg 960w\" sizes=\"(max-width: 768px) 100vw, 768px\" \/>\t\t\t\t\t\t\t\t\t\t\t\t\t\t\t<\/div>\n\t\t\t\t<\/div>\n\t\t\t\t<\/div>\n\t\t<div class=\"elementor-element elementor-element-321e87f e-con-full e-flex parallax_section_no qode_elementor_container_no e-con e-child\" data-id=\"321e87f\" data-element_type=\"container\" data-e-type=\"container\">\n\t\t\t\t<div class=\"elementor-element elementor-element-146feec elementor-widget elementor-widget-image\" data-id=\"146feec\" data-element_type=\"widget\" data-e-type=\"widget\" data-widget_type=\"image.default\">\n\t\t\t\t<div class=\"elementor-widget-container\">\n\t\t\t\t\t\t\t\t\t\t\t\t\t\t\t<img decoding=\"async\" width=\"768\" height=\"1024\" src=\"https:\/\/ozeanic-caribbean.de\/wp-content\/uploads\/2025\/06\/WhatsApp-Image-2025-06-15-at-5.54.04-PM-1-768x1024.jpeg\" class=\"attachment-large size-large wp-image-4687\" alt=\"\" srcset=\"https:\/\/ozeanic-caribbean.de\/wp-content\/uploads\/2025\/06\/WhatsApp-Image-2025-06-15-at-5.54.04-PM-1-768x1024.jpeg 768w, https:\/\/ozeanic-caribbean.de\/wp-content\/uploads\/2025\/06\/WhatsApp-Image-2025-06-15-at-5.54.04-PM-1-225x300.jpeg 225w, https:\/\/ozeanic-caribbean.de\/wp-content\/uploads\/2025\/06\/WhatsApp-Image-2025-06-15-at-5.54.04-PM-1-9x12.jpeg 9w, https:\/\/ozeanic-caribbean.de\/wp-content\/uploads\/2025\/06\/WhatsApp-Image-2025-06-15-at-5.54.04-PM-1-600x800.jpeg 600w, https:\/\/ozeanic-caribbean.de\/wp-content\/uploads\/2025\/06\/WhatsApp-Image-2025-06-15-at-5.54.04-PM-1-700x933.jpeg 700w, https:\/\/ozeanic-caribbean.de\/wp-content\/uploads\/2025\/06\/WhatsApp-Image-2025-06-15-at-5.54.04-PM-1.jpeg 960w\" sizes=\"(max-width: 768px) 100vw, 768px\" \/>\t\t\t\t\t\t\t\t\t\t\t\t\t\t\t<\/div>\n\t\t\t\t<\/div>\n\t\t\t\t<\/div>\n\t\t\t\t\t<\/div>\n\t\t\t\t<\/div>\n\t\t<div class=\"elementor-element elementor-element-27d06a7 e-flex e-con-boxed parallax_section_no qode_elementor_container_no e-con e-parent\" data-id=\"27d06a7\" data-element_type=\"container\" data-e-type=\"container\" data-settings=\"{&quot;background_background&quot;:&quot;classic&quot;}\">\n\t\t\t\t\t<div class=\"e-con-inner\">\n\t\t\t\t<div class=\"elementor-element elementor-element-50b2fb5 elementor-widget elementor-widget-heading\" data-id=\"50b2fb5\" data-element_type=\"widget\" data-e-type=\"widget\" data-widget_type=\"heading.default\">\n\t\t\t\t<div class=\"elementor-widget-container\">\n\t\t\t\t\t<h3 class=\"elementor-heading-title elementor-size-default\">Romantische Sonnenuntergangsfahrten<\/h3>\t\t\t\t<\/div>\n\t\t\t\t<\/div>\n\t\t\t\t<div class=\"elementor-element elementor-element-f30f690 elementor-widget elementor-widget-text-editor\" data-id=\"f30f690\" data-element_type=\"widget\" data-e-type=\"widget\" data-widget_type=\"text-editor.default\">\n\t\t\t\t<div class=\"elementor-widget-container\">\n\t\t\t\t\t\t\t\t\t<p><span style=\"color: #ffffff;\">Sto\u00dfen Sie bei einem Glas Champagner an, w\u00e4hrend die Sonne am Horizont im Meer versinkt \u2013 ein perfekter Moment f\u00fcr unvergessliche Erinnerungen.<\/span><\/p>\t\t\t\t\t\t\t\t<\/div>\n\t\t\t\t<\/div>\n\t\t\t\t\t<\/div>\n\t\t\t\t<\/div>\n\t\t<div class=\"elementor-element elementor-element-69f427f e-flex e-con-boxed parallax_section_no qode_elementor_container_no e-con e-parent\" data-id=\"69f427f\" data-element_type=\"container\" data-e-type=\"container\">\n\t\t\t\t\t<div class=\"e-con-inner\">\n\t\t<div class=\"elementor-element elementor-element-d1e79e7 e-con-full e-flex parallax_section_no qode_elementor_container_no e-con e-child\" data-id=\"d1e79e7\" data-element_type=\"container\" data-e-type=\"container\">\n\t\t\t\t<div class=\"elementor-element elementor-element-46ce6be elementor-widget elementor-widget-image\" data-id=\"46ce6be\" data-element_type=\"widget\" data-e-type=\"widget\" data-widget_type=\"image.default\">\n\t\t\t\t<div class=\"elementor-widget-container\">\n\t\t\t\t\t\t\t\t\t\t\t\t\t\t\t<img decoding=\"async\" width=\"768\" height=\"1024\" src=\"https:\/\/ozeanic-caribbean.de\/wp-content\/uploads\/2025\/06\/WhatsApp-Image-2025-06-15-at-5.26.50-PM-768x1024.jpeg\" class=\"attachment-large size-large wp-image-4673\" alt=\"\" srcset=\"https:\/\/ozeanic-caribbean.de\/wp-content\/uploads\/2025\/06\/WhatsApp-Image-2025-06-15-at-5.26.50-PM-768x1024.jpeg 768w, https:\/\/ozeanic-caribbean.de\/wp-content\/uploads\/2025\/06\/WhatsApp-Image-2025-06-15-at-5.26.50-PM-225x300.jpeg 225w, https:\/\/ozeanic-caribbean.de\/wp-content\/uploads\/2025\/06\/WhatsApp-Image-2025-06-15-at-5.26.50-PM-1152x1536.jpeg 1152w, https:\/\/ozeanic-caribbean.de\/wp-content\/uploads\/2025\/06\/WhatsApp-Image-2025-06-15-at-5.26.50-PM-9x12.jpeg 9w, https:\/\/ozeanic-caribbean.de\/wp-content\/uploads\/2025\/06\/WhatsApp-Image-2025-06-15-at-5.26.50-PM-600x800.jpeg 600w, https:\/\/ozeanic-caribbean.de\/wp-content\/uploads\/2025\/06\/WhatsApp-Image-2025-06-15-at-5.26.50-PM-700x933.jpeg 700w, https:\/\/ozeanic-caribbean.de\/wp-content\/uploads\/2025\/06\/WhatsApp-Image-2025-06-15-at-5.26.50-PM.jpeg 1200w\" sizes=\"(max-width: 768px) 100vw, 768px\" \/>\t\t\t\t\t\t\t\t\t\t\t\t\t\t\t<\/div>\n\t\t\t\t<\/div>\n\t\t\t\t<\/div>\n\t\t<div class=\"elementor-element elementor-element-0bceda2 e-con-full e-flex parallax_section_no qode_elementor_container_no e-con e-child\" data-id=\"0bceda2\" data-element_type=\"container\" data-e-type=\"container\">\n\t\t\t\t<div class=\"elementor-element elementor-element-4e2e2c2 elementor-widget elementor-widget-image\" data-id=\"4e2e2c2\" data-element_type=\"widget\" data-e-type=\"widget\" data-widget_type=\"image.default\">\n\t\t\t\t<div class=\"elementor-widget-container\">\n\t\t\t\t\t\t\t\t\t\t\t\t\t\t\t<img loading=\"lazy\" decoding=\"async\" width=\"768\" height=\"1024\" src=\"https:\/\/ozeanic-caribbean.de\/wp-content\/uploads\/2025\/06\/WhatsApp-Image-2025-06-15-at-5.26.49-PM-768x1024.jpeg\" class=\"attachment-large size-large wp-image-4674\" alt=\"\" srcset=\"https:\/\/ozeanic-caribbean.de\/wp-content\/uploads\/2025\/06\/WhatsApp-Image-2025-06-15-at-5.26.49-PM-768x1024.jpeg 768w, https:\/\/ozeanic-caribbean.de\/wp-content\/uploads\/2025\/06\/WhatsApp-Image-2025-06-15-at-5.26.49-PM-225x300.jpeg 225w, https:\/\/ozeanic-caribbean.de\/wp-content\/uploads\/2025\/06\/WhatsApp-Image-2025-06-15-at-5.26.49-PM-1152x1536.jpeg 1152w, https:\/\/ozeanic-caribbean.de\/wp-content\/uploads\/2025\/06\/WhatsApp-Image-2025-06-15-at-5.26.49-PM-9x12.jpeg 9w, https:\/\/ozeanic-caribbean.de\/wp-content\/uploads\/2025\/06\/WhatsApp-Image-2025-06-15-at-5.26.49-PM-600x800.jpeg 600w, https:\/\/ozeanic-caribbean.de\/wp-content\/uploads\/2025\/06\/WhatsApp-Image-2025-06-15-at-5.26.49-PM-700x933.jpeg 700w, https:\/\/ozeanic-caribbean.de\/wp-content\/uploads\/2025\/06\/WhatsApp-Image-2025-06-15-at-5.26.49-PM.jpeg 1200w\" sizes=\"(max-width: 768px) 100vw, 768px\" \/>\t\t\t\t\t\t\t\t\t\t\t\t\t\t\t<\/div>\n\t\t\t\t<\/div>\n\t\t\t\t<\/div>\n\t\t<div class=\"elementor-element elementor-element-16a6899 e-con-full e-flex parallax_section_no qode_elementor_container_no e-con e-child\" data-id=\"16a6899\" data-element_type=\"container\" data-e-type=\"container\">\n\t\t\t\t<div class=\"elementor-element elementor-element-294b359 elementor-widget elementor-widget-image\" data-id=\"294b359\" data-element_type=\"widget\" data-e-type=\"widget\" data-widget_type=\"image.default\">\n\t\t\t\t<div class=\"elementor-widget-container\">\n\t\t\t\t\t\t\t\t\t\t\t\t\t\t\t<img loading=\"lazy\" decoding=\"async\" width=\"768\" height=\"1024\" src=\"https:\/\/ozeanic-caribbean.de\/wp-content\/uploads\/2025\/06\/WhatsApp-Image-2025-06-15-at-5.26.48-PM-768x1024.jpeg\" class=\"attachment-large size-large wp-image-4675\" alt=\"\" srcset=\"https:\/\/ozeanic-caribbean.de\/wp-content\/uploads\/2025\/06\/WhatsApp-Image-2025-06-15-at-5.26.48-PM-768x1024.jpeg 768w, https:\/\/ozeanic-caribbean.de\/wp-content\/uploads\/2025\/06\/WhatsApp-Image-2025-06-15-at-5.26.48-PM-225x300.jpeg 225w, https:\/\/ozeanic-caribbean.de\/wp-content\/uploads\/2025\/06\/WhatsApp-Image-2025-06-15-at-5.26.48-PM-1152x1536.jpeg 1152w, https:\/\/ozeanic-caribbean.de\/wp-content\/uploads\/2025\/06\/WhatsApp-Image-2025-06-15-at-5.26.48-PM-9x12.jpeg 9w, https:\/\/ozeanic-caribbean.de\/wp-content\/uploads\/2025\/06\/WhatsApp-Image-2025-06-15-at-5.26.48-PM-600x800.jpeg 600w, https:\/\/ozeanic-caribbean.de\/wp-content\/uploads\/2025\/06\/WhatsApp-Image-2025-06-15-at-5.26.48-PM-700x933.jpeg 700w, https:\/\/ozeanic-caribbean.de\/wp-content\/uploads\/2025\/06\/WhatsApp-Image-2025-06-15-at-5.26.48-PM.jpeg 1200w\" sizes=\"(max-width: 768px) 100vw, 768px\" \/>\t\t\t\t\t\t\t\t\t\t\t\t\t\t\t<\/div>\n\t\t\t\t<\/div>\n\t\t\t\t<\/div>\n\t\t<div class=\"elementor-element elementor-element-a100177 e-con-full e-flex parallax_section_no qode_elementor_container_no e-con e-child\" data-id=\"a100177\" data-element_type=\"container\" data-e-type=\"container\">\n\t\t\t\t<div class=\"elementor-element elementor-element-b3034a0 elementor-widget elementor-widget-image\" data-id=\"b3034a0\" data-element_type=\"widget\" data-e-type=\"widget\" data-widget_type=\"image.default\">\n\t\t\t\t<div class=\"elementor-widget-container\">\n\t\t\t\t\t\t\t\t\t\t\t\t\t\t\t<img loading=\"lazy\" decoding=\"async\" width=\"768\" height=\"1024\" src=\"https:\/\/ozeanic-caribbean.de\/wp-content\/uploads\/2025\/06\/WhatsApp-Image-2025-06-09-at-21.33.43_29b102c4-768x1024.jpg\" class=\"attachment-large size-large wp-image-4715\" alt=\"\" srcset=\"https:\/\/ozeanic-caribbean.de\/wp-content\/uploads\/2025\/06\/WhatsApp-Image-2025-06-09-at-21.33.43_29b102c4-768x1024.jpg 768w, https:\/\/ozeanic-caribbean.de\/wp-content\/uploads\/2025\/06\/WhatsApp-Image-2025-06-09-at-21.33.43_29b102c4-225x300.jpg 225w, https:\/\/ozeanic-caribbean.de\/wp-content\/uploads\/2025\/06\/WhatsApp-Image-2025-06-09-at-21.33.43_29b102c4-1152x1536.jpg 1152w, https:\/\/ozeanic-caribbean.de\/wp-content\/uploads\/2025\/06\/WhatsApp-Image-2025-06-09-at-21.33.43_29b102c4-9x12.jpg 9w, https:\/\/ozeanic-caribbean.de\/wp-content\/uploads\/2025\/06\/WhatsApp-Image-2025-06-09-at-21.33.43_29b102c4-600x800.jpg 600w, https:\/\/ozeanic-caribbean.de\/wp-content\/uploads\/2025\/06\/WhatsApp-Image-2025-06-09-at-21.33.43_29b102c4-700x933.jpg 700w, https:\/\/ozeanic-caribbean.de\/wp-content\/uploads\/2025\/06\/WhatsApp-Image-2025-06-09-at-21.33.43_29b102c4.jpg 1200w\" sizes=\"(max-width: 768px) 100vw, 768px\" \/>\t\t\t\t\t\t\t\t\t\t\t\t\t\t\t<\/div>\n\t\t\t\t<\/div>\n\t\t\t\t<\/div>\n\t\t\t\t\t<\/div>\n\t\t\t\t<\/div>\n\t\t<div class=\"elementor-element elementor-element-446b71d e-flex e-con-boxed parallax_section_no qode_elementor_container_no e-con e-parent\" data-id=\"446b71d\" data-element_type=\"container\" data-e-type=\"container\" data-settings=\"{&quot;background_background&quot;:&quot;classic&quot;}\">\n\t\t\t\t\t<div class=\"e-con-inner\">\n\t\t\t\t<div class=\"elementor-element elementor-element-7b5c380 elementor-widget elementor-widget-heading\" data-id=\"7b5c380\" data-element_type=\"widget\" data-e-type=\"widget\" data-widget_type=\"heading.default\">\n\t\t\t\t<div class=\"elementor-widget-container\">\n\t\t\t\t\t<h3 class=\"elementor-heading-title elementor-size-default\">Luxus-Tauchabenteuer<\/h3>\t\t\t\t<\/div>\n\t\t\t\t<\/div>\n\t\t\t\t<div class=\"elementor-element elementor-element-80454a5 elementor-widget elementor-widget-text-editor\" data-id=\"80454a5\" data-element_type=\"widget\" data-e-type=\"widget\" data-widget_type=\"text-editor.default\">\n\t\t\t\t<div class=\"elementor-widget-container\">\n\t\t\t\t\t\t\t\t\t<p><span style=\"color: #ffffff;\">Erleben Sie die faszinierende Unterwasserwelt der Karibik auf einem exklusiven Tauchtrip, gef\u00fchrt von unseren erfahrenen Instruktoren.<\/span><\/p>\t\t\t\t\t\t\t\t<\/div>\n\t\t\t\t<\/div>\n\t\t\t\t\t<\/div>\n\t\t\t\t<\/div>\n\t\t<div class=\"elementor-element elementor-element-98ecef0 e-flex e-con-boxed parallax_section_no qode_elementor_container_no e-con e-parent\" data-id=\"98ecef0\" data-element_type=\"container\" data-e-type=\"container\">\n\t\t\t\t\t<div class=\"e-con-inner\">\n\t\t\t\t<div class=\"elementor-element elementor-element-a8a4113 elementor-widget elementor-widget-heading\" data-id=\"a8a4113\" data-element_type=\"widget\" data-e-type=\"widget\" data-widget_type=\"heading.default\">\n\t\t\t\t<div class=\"elementor-widget-container\">\n\t\t\t\t\t<h3 class=\"elementor-heading-title elementor-size-default\">Buchen Sie jetzt Ihren Exklusiven Ausflug und genie\u00dfen Sie die Karibik auf h\u00f6chstem Niveau. Wir freuen uns darauf, Ihnen ein einzigartiges Erlebnis zu bieten!\n\n<\/h3>\t\t\t\t<\/div>\n\t\t\t\t<\/div>\n\t\t\t\t<div class=\"elementor-element elementor-element-44b335c elementor-widget elementor-widget-bridge_button_v2\" data-id=\"44b335c\" data-element_type=\"widget\" data-e-type=\"widget\" data-widget_type=\"bridge_button_v2.default\">\n\t\t\t\t<div class=\"elementor-widget-container\">\n\t\t\t\t\t\n\n\t<a href=\"#\" target=\"_self\"  class=\"qode-btn qode-btn-medium qode-btn-solid\"  >\n\t    <span class=\"qode-btn-text\">Contact<\/span>\t<\/a>\n\n\t\t\t\t<\/div>\n\t\t\t\t<\/div>\n\t\t\t\t\t<\/div>\n\t\t\t\t<\/div>\n\t\t<div class=\"elementor-element elementor-element-d96f34a e-flex e-con-boxed parallax_section_no qode_elementor_container_no e-con e-parent\" data-id=\"d96f34a\" data-element_type=\"container\" data-e-type=\"container\">\n\t\t\t\t\t<div class=\"e-con-inner\">\n\t\t\t\t<div class=\"elementor-element elementor-element-b8d2398 elementor-widget elementor-widget-spacer\" data-id=\"b8d2398\" data-element_type=\"widget\" data-e-type=\"widget\" data-widget_type=\"spacer.default\">\n\t\t\t\t<div class=\"elementor-widget-container\">\n\t\t\t\t\t\t\t<div class=\"elementor-spacer\">\n\t\t\t<div class=\"elementor-spacer-inner\"><\/div>\n\t\t<\/div>\n\t\t\t\t\t\t<\/div>\n\t\t\t\t<\/div>\n\t\t\t\t\t<\/div>\n\t\t\t\t<\/div>\n\t\t\t\t<\/div>","protected":false},"excerpt":{"rendered":"<p>Warum unsere exklusiven Ausfl\u00fcge? Luxus und Komfort Genie\u00dfen Sie das Meer und die Sonne an Bord unserer Boote mit mehr Komfort, ausgestattet mit allen Annehmlichkeiten, die Ihnen maximalen Genuss bieten. Privatsph\u00e4re und Exklusivit\u00e4t Diese Ausfl\u00fcge sind ideal f\u00fcr Paare, Familien oder kleine Gruppen, die ihre&#8230;<\/p>","protected":false},"author":1,"featured_media":0,"parent":0,"menu_order":0,"comment_status":"closed","ping_status":"closed","template":"","meta":{"footnotes":""},"class_list":["post-4547","page","type-page","status-publish","hentry"],"aioseo_notices":[],"_links":{"self":[{"href":"https:\/\/ozeanic-caribbean.de\/en\/wp-json\/wp\/v2\/pages\/4547","targetHints":{"allow":["GET"]}}],"collection":[{"href":"https:\/\/ozeanic-caribbean.de\/en\/wp-json\/wp\/v2\/pages"}],"about":[{"href":"https:\/\/ozeanic-caribbean.de\/en\/wp-json\/wp\/v2\/types\/page"}],"author":[{"embeddable":true,"href":"https:\/\/ozeanic-caribbean.de\/en\/wp-json\/wp\/v2\/users\/1"}],"replies":[{"embeddable":true,"href":"https:\/\/ozeanic-caribbean.de\/en\/wp-json\/wp\/v2\/comments?post=4547"}],"version-history":[{"count":91,"href":"https:\/\/ozeanic-caribbean.de\/en\/wp-json\/wp\/v2\/pages\/4547\/revisions"}],"predecessor-version":[{"id":4718,"href":"https:\/\/ozeanic-caribbean.de\/en\/wp-json\/wp\/v2\/pages\/4547\/revisions\/4718"}],"wp:attachment":[{"href":"https:\/\/ozeanic-caribbean.de\/en\/wp-json\/wp\/v2\/media?parent=4547"}],"curies":[{"name":"wp","href":"https:\/\/api.w.org\/{rel}","templated":true}]}}